{"id":22645,"date":"2021-11-02T11:47:09","date_gmt":"2021-11-02T09:47:09","guid":{"rendered":"https:\/\/libyanairlines.aero\/worldwide-shipping-offices\/"},"modified":"2021-12-15T12:28:08","modified_gmt":"2021-12-15T10:28:08","slug":"worldwide-shipping-offices","status":"publish","type":"page","link":"https:\/\/libyanairlines.aero\/ar\/worldwide-shipping-offices\/","title":{"rendered":"\u0648\u0643\u0627\u0644\u0627\u062a \u0627\u0644\u0634\u062d\u0646 \u0627\u0644\u062e\u0627\u0631\u062c\u064a\u0629"},"content":{"rendered":"<h2>\u0627\u0644\u062e\u0627\u0631\u062c\u064a\u0629<\/h2>\n<div>\n<form style=\"display:none;\" autocomplete=\"off\" name=\"wpv-filter-18866\" action=\"\/ar\/wp-json\/wp\/v2\/pages\/22645?wpv_view_count=18866\" method=\"get\" class=\"wpv-filter-form js-wpv-filter-form js-wpv-filter-form-18866 js-wpv-form-full js-wpv-dps-enabled js-wpv-ajax-results-enabled\" data-viewnumber=\"18866\" data-viewid=\"18866\" data-viewhash=\"eyJuYW1lIjoid29ybGR3aWRlLXNoaXBwaW5nLWJyYW5jaGVzLW1hcCIsImNhY2hlZCI6Im9mZiJ9\" data-viewwidgetid=\"0\" data-orderby=\"\" data-order=\"\" data-orderbyas=\"\" data-orderbysecond=\"\" data-ordersecond=\"\" data-parametric=\"{&quot;query&quot;:&quot;normal&quot;,&quot;id&quot;:18866,&quot;view_id&quot;:18866,&quot;widget_id&quot;:0,&quot;view_hash&quot;:&quot;18866&quot;,&quot;action&quot;:&quot;\\\/ar\\\/wp-json\\\/wp\\\/v2\\\/pages\\\/22645?wpv_view_count=18866&quot;,&quot;sort&quot;:{&quot;orderby&quot;:&quot;&quot;,&quot;order&quot;:&quot;&quot;,&quot;orderby_as&quot;:&quot;&quot;,&quot;orderby_second&quot;:&quot;&quot;,&quot;order_second&quot;:&quot;&quot;},&quot;orderby&quot;:&quot;&quot;,&quot;order&quot;:&quot;&quot;,&quot;orderby_as&quot;:&quot;&quot;,&quot;orderby_second&quot;:&quot;&quot;,&quot;order_second&quot;:&quot;&quot;,&quot;ajax_form&quot;:&quot;&quot;,&quot;ajax_results&quot;:&quot;&quot;,&quot;effect&quot;:&quot;fade&quot;,&quot;prebefore&quot;:&quot;&quot;,&quot;before&quot;:&quot;&quot;,&quot;after&quot;:&quot;&quot;,&quot;attributes&quot;:{&quot;cached&quot;:&quot;off&quot;},&quot;environment&quot;:{&quot;current_post_id&quot;:22645,&quot;parent_post_id&quot;:22645,&quot;parent_term_id&quot;:0,&quot;parent_user_id&quot;:0,&quot;archive&quot;:{&quot;type&quot;:&quot;&quot;,&quot;name&quot;:&quot;&quot;,&quot;data&quot;:[]}},&quot;loop&quot;:{&quot;type&quot;:&quot;&quot;,&quot;name&quot;:&quot;&quot;,&quot;data&quot;:[],&quot;id&quot;:0}}\" data-attributes=\"{&quot;cached&quot;:&quot;off&quot;}\" data-environment=\"{&quot;current_post_id&quot;:22645,&quot;parent_post_id&quot;:22645,&quot;parent_term_id&quot;:0,&quot;parent_user_id&quot;:0,&quot;archive&quot;:{&quot;type&quot;:&quot;&quot;,&quot;name&quot;:&quot;&quot;,&quot;data&quot;:[]}}\"><input type=\"hidden\" class=\"js-wpv-dps-filter-data js-wpv-filter-data-for-this-form\" data-action=\"\/ar\/wp-json\/wp\/v2\/pages\/22645?wpv_view_count=18866\" data-page=\"1\" data-ajax=\"enable\" data-effect=\"fade\" data-maxpages=\"0\" data-ajaxprebefore=\"\" data-ajaxbefore=\"\" data-ajaxafter=\"\" \/><input class=\"wpv_view_count wpv_view_count-18866\" type=\"hidden\" name=\"wpv_view_count\" value=\"18866\" \/>\n\n<div uk-grid >\n  \n    <!--<div class=\"mobile-grid search-grid \" >\n     <span class=\"uk-text-emphasis search-text uk-margin-right\">[wpml-string context=\"wpv-views\"]Search \n [\/wpml-string]<\/span>\n[wpml-string context=\"wpv-views\"][wpv-filter-search-box class=\"uk-input toolset-input uk-form-width-medium  \" placeholder=\"Office... \n\"][\/wpv-filter-search-box][\/wpml-string]\n      <\/div> -->\n  \n    <div   class=\"mobile-grid search-grid uk-padding-remove-left\"  >\n<select name=\"wpv-country\" class=\"uk-select country-select uk-form-width-medium js-wpv-filter-trigger\"><option selected='selected' value=\"0\">Choose Country<\/option><option value=\"turkey-ar\">\u062a\u0631\u0643\u064a\u0627<\/option><\/select>\n<button type=\"submit\" class=\"uk-button  uk-hidden wpv-submit-trigger js-wpv-submit-trigger\"><span uk-icon='icon: search'><\/span><\/button>\n      <\/div>  \n  <!-- <div   class=\" buttons-grid\"  >\n[wpml-string context=\"wpv-views\"][wpv-filter-submit type=\"button\" name=\" Search \" class=\"uk-button uk-button-primary submit-btn\"]\n    \n[wpv-filter-reset type=\"button\"  name=\"reset\"  class=\"uk-button  uk-button-primary reset-btn \" ][\/wpml-string][\/wpv-filter-controls]\n     <\/div>-->\n  <\/div> \n\n<\/form>\n<div id=\"wpv-view-layout-18866\" class=\"js-wpv-view-layout js-wpv-layout-responsive js-wpv-view-layout-18866\" data-viewnumber=\"18866\" data-pagination=\"{&quot;id&quot;:18866,&quot;query&quot;:&quot;normal&quot;,&quot;type&quot;:&quot;disabled&quot;,&quot;effect&quot;:&quot;fade&quot;,&quot;duration&quot;:500,&quot;speed&quot;:5,&quot;pause_on_hover&quot;:&quot;disabled&quot;,&quot;stop_rollover&quot;:&quot;false&quot;,&quot;cache_pages&quot;:&quot;enabled&quot;,&quot;preload_images&quot;:&quot;enabled&quot;,&quot;preload_pages&quot;:&quot;enabled&quot;,&quot;preload_reach&quot;:1,&quot;spinner&quot;:&quot;builtin&quot;,&quot;spinner_image&quot;:&quot;https:\/\/libyanairlines.aero\/wp-content\/plugins\/wp-views\/embedded\/res\/img\/ajax-loader.gif&quot;,&quot;callback_next&quot;:&quot;&quot;,&quot;manage_history&quot;:&quot;enabled&quot;,&quot;has_controls_in_form&quot;:&quot;disabled&quot;,&quot;infinite_tolerance&quot;:&quot;0&quot;,&quot;max_pages&quot;:0,&quot;page&quot;:1,&quot;base_permalink&quot;:&quot;\/ar\/wp-json\/wp\/v2\/pages\/22645?wpv_view_count=18866&amp;wpv_paged=WPV_PAGE_NUM&quot;,&quot;loop&quot;:{&quot;type&quot;:&quot;&quot;,&quot;name&quot;:&quot;&quot;,&quot;data&quot;:[],&quot;id&quot;:0}}\" data-permalink=\"\/ar\/wp-json\/wp\/v2\/pages\/22645?wpv_view_count=18866\">\n\n\n\t\n<div id=\"js-wpv-addon-maps-render-map-1\" style=\"width:100%; height:450px;\" class=\"wpv-addon-maps-render js-wpv-addon-maps-render js-wpv-addon-maps-render-map-1 \" data-map=\"map-1\" data-generalzoom=\"5\" data-generalcenterlat=\"0\" data-generalcenterlon=\"0\" data-fitbounds=\"on\" data-singlezoom=\"14\" data-singlecenter=\"on\" data-maptype=\"roadmap\" data-showlayerinterests=\"false\" data-markericon=\"\" data-markericonhover=\"\" data-draggable=\"on\" data-scrollwheel=\"on\" data-doubleclickzoom=\"on\" data-maptypecontrol=\"on\" data-fullscreencontrol=\"on\" data-zoomcontrol=\"on\" data-streetviewcontrol=\"on\" data-backgroundcolor=\"\" data-cluster=\"on\" data-clustergridsize=\"5\" data-clustermaxzoom=\"12\" data-clusterclickzoom=\"on\" data-clusterminsize=\"2\" data-stylejson=\"\/\/libyanairlines.aero\/wp-content\/plugins\/toolset-maps\/resources\/json\/Standard.json\" data-spiderfy=\"on\" data-streetview=\"off\" data-markerid=\"\" data-location=\"\" data-lat=\"0\" data-long=\"0\" data-heading=\"\" data-pitch=\"\">  <\/div>\n\t\n\t\n\t\t \n\t\n\t\n\t\n\t\n<\/div>\n \n <div> <form autocomplete=\"off\" name=\"wpv-filter-18865\" action=\"\/ar\/wp-json\/wp\/v2\/pages\/22645?wpv_view_count=18865\" method=\"get\" class=\"wpv-filter-form js-wpv-filter-form js-wpv-filter-form-18865 js-wpv-form-full js-wpv-dps-enabled\" data-viewnumber=\"18865\" data-viewid=\"18865\" data-viewhash=\"eyJuYW1lIjoid29ybGR3aWRlLXNoaXBwaW5nLW9mZmljZXMtc2hvdy1hbGwtcGluczIifQ==\" data-viewwidgetid=\"0\" data-orderby=\"\" data-order=\"\" data-orderbyas=\"\" data-orderbysecond=\"\" data-ordersecond=\"\" data-parametric=\"{&quot;query&quot;:&quot;normal&quot;,&quot;id&quot;:18865,&quot;view_id&quot;:18865,&quot;widget_id&quot;:0,&quot;view_hash&quot;:&quot;18865&quot;,&quot;action&quot;:&quot;\\\/ar\\\/wp-json\\\/wp\\\/v2\\\/pages\\\/22645?wpv_view_count=18865&quot;,&quot;sort&quot;:{&quot;orderby&quot;:&quot;&quot;,&quot;order&quot;:&quot;&quot;,&quot;orderby_as&quot;:&quot;&quot;,&quot;orderby_second&quot;:&quot;&quot;,&quot;order_second&quot;:&quot;&quot;},&quot;orderby&quot;:&quot;&quot;,&quot;order&quot;:&quot;&quot;,&quot;orderby_as&quot;:&quot;&quot;,&quot;orderby_second&quot;:&quot;&quot;,&quot;order_second&quot;:&quot;&quot;,&quot;ajax_form&quot;:&quot;&quot;,&quot;ajax_results&quot;:&quot;&quot;,&quot;effect&quot;:&quot;fade&quot;,&quot;prebefore&quot;:&quot;focusOnMap()&quot;,&quot;before&quot;:&quot;allfunctions&quot;,&quot;after&quot;:&quot;focusOnMap()&quot;,&quot;attributes&quot;:[],&quot;environment&quot;:{&quot;current_post_id&quot;:22645,&quot;parent_post_id&quot;:22645,&quot;parent_term_id&quot;:0,&quot;parent_user_id&quot;:0,&quot;archive&quot;:{&quot;type&quot;:&quot;&quot;,&quot;name&quot;:&quot;&quot;,&quot;data&quot;:[]}},&quot;loop&quot;:{&quot;type&quot;:&quot;&quot;,&quot;name&quot;:&quot;&quot;,&quot;data&quot;:[],&quot;id&quot;:0}}\" data-attributes=\"[]\" data-environment=\"{&quot;current_post_id&quot;:22645,&quot;parent_post_id&quot;:22645,&quot;parent_term_id&quot;:0,&quot;parent_user_id&quot;:0,&quot;archive&quot;:{&quot;type&quot;:&quot;&quot;,&quot;name&quot;:&quot;&quot;,&quot;data&quot;:[]}}\"><input type=\"hidden\" class=\"js-wpv-dps-filter-data js-wpv-filter-data-for-this-form\" data-action=\"\/ar\/wp-json\/wp\/v2\/pages\/22645?wpv_view_count=18865\" data-page=\"1\" data-ajax=\"disable\" data-effect=\"fade\" data-maxpages=\"1\" data-ajaxprebefore=\"focusOnMap()\" data-ajaxbefore=\"allfunctions\" data-ajaxafter=\"focusOnMap()\" \/><input class=\"wpv_view_count wpv_view_count-18865\" type=\"hidden\" name=\"wpv_view_count\" value=\"18865\" \/>\n\n<div uk-grid >\n  \n    <!--<div class=\"mobile-grid search-grid \" >\n     <span class=\"uk-text-emphasis search-text uk-margin-right\">[wpml-string context=\"wpv-views\"]Search \n [\/wpml-string]<\/span>\n[wpml-string context=\"wpv-views\"][wpv-filter-search-box class=\"uk-input toolset-input uk-form-width-medium  \" placeholder=\"Office... \n\"][\/wpv-filter-search-box][\/wpml-string]\n      <\/div> -->\n  \n    <div   class=\"mobile-grid search-grid uk-padding-remove-left\"  >\n<select name=\"wpv-country\" class=\"uk-select country-select uk-form-width-medium js-wpv-filter-trigger\"><option selected='selected' value=\"0\">Choose Country<\/option><option value=\"turkey-ar\">\u062a\u0631\u0643\u064a\u0627<\/option><\/select>\n<button type=\"submit\" class=\"uk-button  uk-hidden wpv-submit-trigger js-wpv-submit-trigger\"><span uk-icon='icon: search'><\/span><\/button>\n      <\/div>  \n  <!-- <div   class=\" buttons-grid\">\n[wpml-string context=\"wpv-views\"][wpv-filter-submit type=\"button\" name=\" Search \" class=\"uk-button uk-button-primary submit-btn\"]\n    \n[wpv-filter-reset type=\"button\"  name=\"reset\"  class=\"uk-button  uk-button-primary reset-btn \" ][\/wpml-string][\/wpv-filter-controls]\n     <\/div>-->\n  <\/div> \n\n<\/form> <\/div>\n\n    <div class=\"uk-section-default office-table-sec uk-padding-remove-top uk-section \">      \n     <div><div id=\"wpv-view-layout-18865\" class=\"js-wpv-view-layout js-wpv-layout-responsive js-wpv-view-layout-18865\" data-viewnumber=\"18865\" data-pagination=\"{&quot;id&quot;:18865,&quot;query&quot;:&quot;normal&quot;,&quot;type&quot;:&quot;paged&quot;,&quot;effect&quot;:&quot;fade&quot;,&quot;duration&quot;:&quot;500&quot;,&quot;speed&quot;:&quot;5&quot;,&quot;pause_on_hover&quot;:&quot;disabled&quot;,&quot;stop_rollover&quot;:&quot;false&quot;,&quot;cache_pages&quot;:&quot;enabled&quot;,&quot;preload_images&quot;:&quot;enabled&quot;,&quot;preload_pages&quot;:&quot;enabled&quot;,&quot;preload_reach&quot;:&quot;1&quot;,&quot;spinner&quot;:&quot;builtin&quot;,&quot;spinner_image&quot;:&quot;&quot;,&quot;callback_next&quot;:&quot;&quot;,&quot;manage_history&quot;:&quot;disabled&quot;,&quot;has_controls_in_form&quot;:&quot;disabled&quot;,&quot;infinite_tolerance&quot;:0,&quot;max_pages&quot;:1,&quot;page&quot;:1,&quot;base_permalink&quot;:&quot;\/ar\/wp-json\/wp\/v2\/pages\/22645?wpv_view_count=18865&amp;wpv_paged=WPV_PAGE_NUM&quot;,&quot;loop&quot;:{&quot;type&quot;:&quot;&quot;,&quot;name&quot;:&quot;&quot;,&quot;data&quot;:[],&quot;id&quot;:0}}\" data-permalink=\"\/ar\/wp-json\/wp\/v2\/pages\/22645?wpv_view_count=18865\">\n\n <div class=\"uk-container airlines-container\">\n       \n\t\n\t<div class=\"uk-overflow-auto scroll-effect\">\n       <table class=\"uk-table  uk-table-hover  uk-table-divider\">\n    <thead class=\"uk-text-center\">\n        <tr >\n          <!-- <th class=\" uk-text-center\">#<\/th> -->\n          <th  class=\" uk-margin-remove-bottom uk-text-center airlines-text uk-text-nowrap\">\n            \n<h5 class=\" uk-h5 uk-margin-remove-bottom \" >\n   \u0627\u0644\u0645\u0648\u0642\u0639 \u0639\u0644\u0649 \u0627\u0644\u062e\u0631\u064a\u0637\u0629 <\/h5>\n          \n          <\/th>\n          \n\n            <th  class=\"uk-text-nowrap uk-text-center\">  <h5 class=\"uk-text-center uk-margin-remove-bottom\" > \u0627\u0644\u0645\u062f\u064a\u0646\u0629 <\/h5><\/th>\n                \n          <th  class=\"uk-text-center  uk-text-nowrap uk-margin-remove-bottom\">\n            <h5 class=\"uk-text-center uk-margin-remove-bottom\">\n \u0627\u0644\u0634\u0627\u0631\u0639\n  <\/h5>\n                <\/th>\n          \n                    <th class=\"uk-text-center uk-text-nowrap uk-margin-remove-bottom airlines-text uk-width-large\">\n            <h5 class=\"uk-text-center uk-margin-remove-bottom\" >\n  \u0645\u0639\u0644\u0648\u0645\u0627\u062a \u0627\u0644\u062a\u0648\u0627\u0635\u0644\n<\/h5>\n  <\/th>\n               \n        <\/tr> \n    <\/thead>\n    <tbody>\n        \n       \n       \t\n          <tr>\n                <td  class=\"uk-text-center\">\n     \n     <a href=\"#\" class=\"js-wpv-addon-maps-focus-map js-toolset-maps-open-infowindow-map-1-marker-23197\" data-map=\"map-1\" data-marker=\"marker-23197\" class=\"uk-button uk-button-default \">\n     <img decoding=\"async\" src=\"\/wp-content\/uploads\/2020\/07\/Location-pin-new.svg\" width=\"27px\" class=\"\" \/><\/a>\n\n        <!-- <td style=\"padding:0px;\"> -->\n        <\/td>   \n\n<td class=\"uk-text-nowrap uk-text-center\">\u0627\u0633\u0637\u0646\u0628\u0648\u0644<\/td>\n\n<td class=\"uk-text-nowrap uk-text-center\">\u0645\u0646\u0637\u0642\u0629 \u0634\u064a\u0634\u0644\u064a \u0645\u0642\u0627\u0628\u0644 \u0645\u062a\u062d\u0641 \u0627\u0644\u062d\u0631\u0628\u064a\u0629 \u0627\u0644\u0639\u0633\u0643\u0631\u064a <br>Ergenekon, Prof. Dr. Celal \u00d6ker Sk., 34373 \u015ei\u015fli\/\u0130stanbul, \u062a\u0631\u0643\u064a\u0627  55<\/td>\n\n\n     <td class=\"phones-td uk-text-nowrap uk-position-relative uk-width-medium\">\n         \n      \t<ul class=\"phone-listt uk-child-width-expand uk-grid phone-grid\" style=\"list-style:none; direction:ltr; float:none; padding:0px; uk-grid\">\n            \n          <div class=\"uk-width-1-1 uk-flex-inline uk-flex-center\">\n          <div class=\"uk-width-auto uk-first-column uk-margin-right\"> \n      \t\t\t<span class=\"phone-icon\"><\/span>\n         \t<\/div>\n          <div class=\"phones-worldwide uk-margin-remove-first-child uk-margin-remove-top domestic-phones-padding\">\n            <li>5493472332|5493472331<\/li>\n          <\/div>\n          <\/div>\n          \n         <\/ul>\n       \t<ul class=\"phone-listt uk-child-width-expand uk-grid phone-grid\" style=\"list-style:none; direction:ltr; float:none; padding:0px; uk-grid; margin-top:0\">\n            \n          <div class=\"uk-width-1-1 uk-flex-inline uk-flex-center\">\n          <div class=\"uk-width-auto uk-first-column uk-margin-right\"> \n      \t\t\t<span class=\"email-icon\" ><\/span>\n         \t<\/div> \n          <div class=\"uk-margin-remove-first-child uk-margin-remove-top email-link\">\n            <li><a href=\"mailto:halis2@merkurgroup.com.tr\" title=\"halis2@merkurgroup.com.tr\">halis2@merkurgroup.com.tr<\/a><\/li>\n          <\/div>\n          <\/div>\n          \n         <\/ul>\n<\/td>\n\n\n            \n         \n       \n\t\n           \n    <\/tbody>\n<\/table>\n       <\/div>\n       \n         \t\n         \n\n       <\/div>\n       <\/div>\n\n<\/div> <\/div>\n    \n<\/div> <\/div>\n<p><!--more--><br \/>\n<!-- {\"type\":\"layout\",\"children\":[{\"type\":\"section\",\"props\":{\"style\":\"default\",\"width\":\"default\",\"vertical_align\":\"middle\",\"title_position\":\"top-left\",\"title_rotation\":\"left\",\"title_breakpoint\":\"xl\",\"image_position\":\"top-left\",\"image\":\"\\\/wp-content\\\/uploads\\\/2020\\\/07\\\/Demestic-bg.svg\",\"class\":\"uk-margin-large-top\",\"css\":\".el-section .uk-container .uk-grid{\\n\\tdisplay: block;\\n}\"},\"children\":[{\"type\":\"row\",\"children\":[{\"type\":\"column\",\"props\":{\"image_position\":\"center-center\",\"media_overlay_gradient\":\"\"},\"children\":[{\"type\":\"headline\",\"props\":{\"title_element\":\"h2\",\"content\":\"\\u0627\\u0644\\u062e\\u0627\\u0631\\u062c\\u064a\\u0629\",\"title_style\":\"h2\",\"title_color\":\"primary\",\"css\":\".el-element::before{\\n\\tcontent: \\\"\\u0627\\u0644\\u0645\\u0643\\u0627\\u062a\\u0628\\\";\\n    position: absolute;\\n    -webkit-text-stroke: 1px #EDCFA2;\\n    -webkit-text-fill-color: transparent;\\n    font-size: 130px;\\n    font-weight: 400;\\n    top: -60px;\\n    right: -150px;\\n    z-index: -1;\\n}\\n\\n@media(max-width: 640px){\\n    .el-element::before{\\n        font-size: 55px;\\n        top: -20% !important;\\n    }\\n}\\n\\n@media(max-width: 1440px){\\n    .el-element::before{\\n        right: 0px;\\n    }\\n}\",\"class\":\"uk-position-relative uk-position-z-index\",\"margin\":\"large\"}},{\"type\":\"html\",\"props\":{\"content\":\"[wpv-view name=\\\"worldwide-shipping-offices-show-all-pins2\\\"]\"},\"name\":\"code\"}]}],\"props\":{\"class\":\"\"}}],\"name\":\"\\u0627\\u0644\\u0645\\u0643\\u0627\\u062a\\u0628 \\u0627\\u0644\\u062e\\u0627\\u0631\\u062c\\u064a\\u0629\",\"modified\":\"2021-11-07T07:43:21.026Z\"}],\"version\":\"2.6.5\"} --><\/p>\n","protected":false},"excerpt":{"rendered":"<p>\u0627\u0644\u062e\u0627\u0631\u062c\u064a\u0629<\/p>\n","protected":false},"author":9,"featured_media":0,"parent":0,"menu_order":0,"comment_status":"closed","ping_status":"closed","template":"","meta":{"footnotes":""},"class_list":["post-22645","page","type-page","status-publish","hentry"],"_links":{"self":[{"href":"https:\/\/libyanairlines.aero\/ar\/wp-json\/wp\/v2\/pages\/22645","targetHints":{"allow":["GET"]}}],"collection":[{"href":"https:\/\/libyanairlines.aero\/ar\/wp-json\/wp\/v2\/pages"}],"about":[{"href":"https:\/\/libyanairlines.aero\/ar\/wp-json\/wp\/v2\/types\/page"}],"author":[{"embeddable":true,"href":"https:\/\/libyanairlines.aero\/ar\/wp-json\/wp\/v2\/users\/9"}],"replies":[{"embeddable":true,"href":"https:\/\/libyanairlines.aero\/ar\/wp-json\/wp\/v2\/comments?post=22645"}],"version-history":[{"count":4,"href":"https:\/\/libyanairlines.aero\/ar\/wp-json\/wp\/v2\/pages\/22645\/revisions"}],"predecessor-version":[{"id":32425,"href":"https:\/\/libyanairlines.aero\/ar\/wp-json\/wp\/v2\/pages\/22645\/revisions\/32425"}],"wp:attachment":[{"href":"https:\/\/libyanairlines.aero\/ar\/wp-json\/wp\/v2\/media?parent=22645"}],"curies":[{"name":"wp","href":"https:\/\/api.w.org\/{rel}","templated":true}]}}